{"id":13,"date":"2013-10-11T09:06:07","date_gmt":"2013-10-11T09:06:07","guid":{"rendered":"http:\/\/jakubek.cz\/?page_id=13"},"modified":"2016-01-21T12:31:34","modified_gmt":"2016-01-21T12:31:34","slug":"pamatkove-chranene-objekty","status":"publish","type":"page","link":"https:\/\/restaurovani-jakubek.cz\/pl\/fotogalerie\/pamatkove-chranene-objekty\/","title":{"rendered":"Wymienione budynki"},"content":{"rendered":"<!-- index.php -->\n<div\n\tclass=\"ngg-galleryoverview\"\n\tid=\"ngg-gallery-bfc555f886f7e92ba2c7504dad2b52ef-1\">\n\n    \t<div class=\"slideshowlink\">\n        <a href='https:\/\/restaurovani-jakubek.cz\/pl\/fotogalerie\/pamatkove-chranene-objekty\/nggallery\/slideshow'>[Show as slideshow]<\/a>\n\t\t\n\t<\/div>\n\t\t\t<!-- Thumbnails -->\n\t\t\t\t<div id=\"ngg-image-0\" class=\"ngg-gallery-thumbnail-box\" >\n\t\t\t\t        <div class=\"ngg-gallery-thumbnail\">\n            <a href=\"https:\/\/restaurovani-jakubek.cz\/wp-content\/gallery\/soukrome-sbirky\/01.JPG\"\n               title=\"\"\n               data-src=\"https:\/\/restaurovani-jakubek.cz\/wp-content\/gallery\/soukrome-sbirky\/01.JPG\"\n               data-thumbnail=\"https:\/\/restaurovani-jakubek.cz\/wp-content\/gallery\/soukrome-sbirky\/thumbs\/thumbs_01.JPG\"\n               data-image-id=\"98\"\n               data-title=\"01\"\n               data-description=\"\"\n               data-image-slug=\"01\"\n               class='thickbox' rel='bfc555f886f7e92ba2c7504dad2b52ef'>\n                <img\n                    title=\"01\"\n                    alt=\"01\"\n                    src=\"https:\/\/restaurovani-jakubek.cz\/wp-content\/gallery\/soukrome-sbirky\/thumbs\/thumbs_01.JPG\"\n                    width=\"295\"\n                    height=\"197\"\n                    style=\"max-width:100%;\"\n                \/>\n            <\/a>\n        <\/div>\n\t\t\t\t\t\t\t<\/div> \n\t\t\t\n        \n\t\t\t\t<div id=\"ngg-image-1\" class=\"ngg-gallery-thumbnail-box\" >\n\t\t\t\t        <div class=\"ngg-gallery-thumbnail\">\n            <a href=\"https:\/\/restaurovani-jakubek.cz\/wp-content\/gallery\/soukrome-sbirky\/03.JPG\"\n               title=\"\"\n               data-src=\"https:\/\/restaurovani-jakubek.cz\/wp-content\/gallery\/soukrome-sbirky\/03.JPG\"\n               data-thumbnail=\"https:\/\/restaurovani-jakubek.cz\/wp-content\/gallery\/soukrome-sbirky\/thumbs\/thumbs_03.JPG\"\n               data-image-id=\"99\"\n               data-title=\"03\"\n               data-description=\"\"\n               data-image-slug=\"03\"\n               class='thickbox' rel='bfc555f886f7e92ba2c7504dad2b52ef'>\n                <img\n                    title=\"03\"\n                    alt=\"03\"\n                    src=\"https:\/\/restaurovani-jakubek.cz\/wp-content\/gallery\/soukrome-sbirky\/thumbs\/thumbs_03.JPG\"\n                    width=\"295\"\n                    height=\"197\"\n                    style=\"max-width:100%;\"\n                \/>\n            <\/a>\n        <\/div>\n\t\t\t\t\t\t\t<\/div> \n\t\t\t\n        \n\t\t\t\t<div id=\"ngg-image-2\" class=\"ngg-gallery-thumbnail-box\" >\n\t\t\t\t        <div class=\"ngg-gallery-thumbnail\">\n            <a href=\"https:\/\/restaurovani-jakubek.cz\/wp-content\/gallery\/soukrome-sbirky\/16.jpg\"\n               title=\"\"\n               data-src=\"https:\/\/restaurovani-jakubek.cz\/wp-content\/gallery\/soukrome-sbirky\/16.jpg\"\n               data-thumbnail=\"https:\/\/restaurovani-jakubek.cz\/wp-content\/gallery\/soukrome-sbirky\/thumbs\/thumbs_16.jpg\"\n               data-image-id=\"100\"\n               data-title=\"OLYMPUS DIGITAL CAMERA\"\n               data-description=\"\"\n               data-image-slug=\"16\"\n               class='thickbox' rel='bfc555f886f7e92ba2c7504dad2b52ef'>\n                <img\n                    title=\"OLYMPUS DIGITAL CAMERA\"\n                    alt=\"OLYMPUS DIGITAL CAMERA\"\n                    src=\"https:\/\/restaurovani-jakubek.cz\/wp-content\/gallery\/soukrome-sbirky\/thumbs\/thumbs_16.jpg\"\n                    width=\"295\"\n                    height=\"221\"\n                    style=\"max-width:100%;\"\n                \/>\n            <\/a>\n        <\/div>\n\t\t\t\t\t\t\t<\/div> \n\t\t\t\n        \n\t\t\t\t<div id=\"ngg-image-3\" class=\"ngg-gallery-thumbnail-box\" >\n\t\t\t\t        <div class=\"ngg-gallery-thumbnail\">\n            <a href=\"https:\/\/restaurovani-jakubek.cz\/wp-content\/gallery\/soukrome-sbirky\/18.jpg\"\n               title=\"\"\n               data-src=\"https:\/\/restaurovani-jakubek.cz\/wp-content\/gallery\/soukrome-sbirky\/18.jpg\"\n               data-thumbnail=\"https:\/\/restaurovani-jakubek.cz\/wp-content\/gallery\/soukrome-sbirky\/thumbs\/thumbs_18.jpg\"\n               data-image-id=\"101\"\n               data-title=\"18\"\n               data-description=\"\"\n               data-image-slug=\"18\"\n               class='thickbox' rel='bfc555f886f7e92ba2c7504dad2b52ef'>\n                <img\n                    title=\"18\"\n                    alt=\"18\"\n                    src=\"https:\/\/restaurovani-jakubek.cz\/wp-content\/gallery\/soukrome-sbirky\/thumbs\/thumbs_18.jpg\"\n                    width=\"295\"\n                    height=\"221\"\n                    style=\"max-width:100%;\"\n                \/>\n            <\/a>\n        <\/div>\n\t\t\t\t\t\t\t<\/div> \n\t\t\t\n        \n\t\t\t\t<div id=\"ngg-image-4\" class=\"ngg-gallery-thumbnail-box\" >\n\t\t\t\t        <div class=\"ngg-gallery-thumbnail\">\n            <a href=\"https:\/\/restaurovani-jakubek.cz\/wp-content\/gallery\/soukrome-sbirky\/oltar-07.JPG\"\n               title=\"\"\n               data-src=\"https:\/\/restaurovani-jakubek.cz\/wp-content\/gallery\/soukrome-sbirky\/oltar-07.JPG\"\n               data-thumbnail=\"https:\/\/restaurovani-jakubek.cz\/wp-content\/gallery\/soukrome-sbirky\/thumbs\/thumbs_oltar-07.JPG\"\n               data-image-id=\"106\"\n               data-title=\"oltar 07\"\n               data-description=\"\"\n               data-image-slug=\"oltar-07\"\n               class='thickbox' rel='bfc555f886f7e92ba2c7504dad2b52ef'>\n                <img\n                    title=\"oltar 07\"\n                    alt=\"oltar 07\"\n                    src=\"https:\/\/restaurovani-jakubek.cz\/wp-content\/gallery\/soukrome-sbirky\/thumbs\/thumbs_oltar-07.JPG\"\n                    width=\"295\"\n                    height=\"393\"\n                    style=\"max-width:100%;\"\n                \/>\n            <\/a>\n        <\/div>\n\t\t\t\t\t\t\t<\/div> \n\t\t\t\n        \n\t\t\t\t<div id=\"ngg-image-5\" class=\"ngg-gallery-thumbnail-box\" >\n\t\t\t\t        <div class=\"ngg-gallery-thumbnail\">\n            <a href=\"https:\/\/restaurovani-jakubek.cz\/wp-content\/gallery\/soukrome-sbirky\/oltar-08.jpg\"\n               title=\"\"\n               data-src=\"https:\/\/restaurovani-jakubek.cz\/wp-content\/gallery\/soukrome-sbirky\/oltar-08.jpg\"\n               data-thumbnail=\"https:\/\/restaurovani-jakubek.cz\/wp-content\/gallery\/soukrome-sbirky\/thumbs\/thumbs_oltar-08.jpg\"\n               data-image-id=\"107\"\n               data-title=\"oltar 08\"\n               data-description=\"\"\n               data-image-slug=\"oltar-08\"\n               class='thickbox' rel='bfc555f886f7e92ba2c7504dad2b52ef'>\n                <img\n                    title=\"oltar 08\"\n                    alt=\"oltar 08\"\n                    src=\"https:\/\/restaurovani-jakubek.cz\/wp-content\/gallery\/soukrome-sbirky\/thumbs\/thumbs_oltar-08.jpg\"\n                    width=\"295\"\n                    height=\"426\"\n                    style=\"max-width:100%;\"\n                \/>\n            <\/a>\n        <\/div>\n\t\t\t\t\t\t\t<\/div> \n\t\t\t\n        \n\t\t\t\t<div id=\"ngg-image-6\" class=\"ngg-gallery-thumbnail-box\" >\n\t\t\t\t        <div class=\"ngg-gallery-thumbnail\">\n            <a href=\"https:\/\/restaurovani-jakubek.cz\/wp-content\/gallery\/soukrome-sbirky\/seces-dvere-011.jpg\"\n               title=\"Secesni dve\u0159e v pam\u00e1tkov\u011b chr\u00e1n\u011bn\u00e9m objektu \u00dapravny vody OVAK Ostrava-Nov\u00e1 ves\"\n               data-src=\"https:\/\/restaurovani-jakubek.cz\/wp-content\/gallery\/soukrome-sbirky\/seces-dvere-011.jpg\"\n               data-thumbnail=\"https:\/\/restaurovani-jakubek.cz\/wp-content\/gallery\/soukrome-sbirky\/thumbs\/thumbs_seces-dvere-011.jpg\"\n               data-image-id=\"109\"\n               data-title=\"seces dvere 011\"\n               data-description=\"Secesni dve\u0159e v pam\u00e1tkov\u011b chr\u00e1n\u011bn\u00e9m objektu \u00dapravny vody OVAK Ostrava-Nov\u00e1 ves\"\n               data-image-slug=\"seces-dvere-011\"\n               class='thickbox' rel='bfc555f886f7e92ba2c7504dad2b52ef'>\n                <img\n                    title=\"seces dvere 011\"\n                    alt=\"seces dvere 011\"\n                    src=\"https:\/\/restaurovani-jakubek.cz\/wp-content\/gallery\/soukrome-sbirky\/thumbs\/thumbs_seces-dvere-011.jpg\"\n                    width=\"295\"\n                    height=\"393\"\n                    style=\"max-width:100%;\"\n                \/>\n            <\/a>\n        <\/div>\n\t\t\t\t\t\t\t<\/div> \n\t\t\t\n        \n\t\t\t\t<div id=\"ngg-image-7\" class=\"ngg-gallery-thumbnail-box\" >\n\t\t\t\t        <div class=\"ngg-gallery-thumbnail\">\n            <a href=\"https:\/\/restaurovani-jakubek.cz\/wp-content\/gallery\/soukrome-sbirky\/CIMG1670.JPG\"\n               title=\"\"\n               data-src=\"https:\/\/restaurovani-jakubek.cz\/wp-content\/gallery\/soukrome-sbirky\/CIMG1670.JPG\"\n               data-thumbnail=\"https:\/\/restaurovani-jakubek.cz\/wp-content\/gallery\/soukrome-sbirky\/thumbs\/thumbs_CIMG1670.JPG\"\n               data-image-id=\"103\"\n               data-title=\"CIMG1670\"\n               data-description=\"\"\n               data-image-slug=\"cimg1670\"\n               class='thickbox' rel='bfc555f886f7e92ba2c7504dad2b52ef'>\n                <img\n                    title=\"CIMG1670\"\n                    alt=\"CIMG1670\"\n                    src=\"https:\/\/restaurovani-jakubek.cz\/wp-content\/gallery\/soukrome-sbirky\/thumbs\/thumbs_CIMG1670.JPG\"\n                    width=\"295\"\n                    height=\"393\"\n                    style=\"max-width:100%;\"\n                \/>\n            <\/a>\n        <\/div>\n\t\t\t\t\t\t\t<\/div> \n\t\t\t\n        \n\t\t\t\t<div id=\"ngg-image-8\" class=\"ngg-gallery-thumbnail-box\" >\n\t\t\t\t        <div class=\"ngg-gallery-thumbnail\">\n            <a href=\"https:\/\/restaurovani-jakubek.cz\/wp-content\/gallery\/soukrome-sbirky\/Komoda-25.jpg\"\n               title=\"\"\n               data-src=\"https:\/\/restaurovani-jakubek.cz\/wp-content\/gallery\/soukrome-sbirky\/Komoda-25.jpg\"\n               data-thumbnail=\"https:\/\/restaurovani-jakubek.cz\/wp-content\/gallery\/soukrome-sbirky\/thumbs\/thumbs_Komoda-25.jpg\"\n               data-image-id=\"105\"\n               data-title=\"Komoda 25\"\n               data-description=\"\"\n               data-image-slug=\"komoda-25\"\n               class='thickbox' rel='bfc555f886f7e92ba2c7504dad2b52ef'>\n                <img\n                    title=\"Komoda 25\"\n                    alt=\"Komoda 25\"\n                    src=\"https:\/\/restaurovani-jakubek.cz\/wp-content\/gallery\/soukrome-sbirky\/thumbs\/thumbs_Komoda-25.jpg\"\n                    width=\"295\"\n                    height=\"221\"\n                    style=\"max-width:100%;\"\n                \/>\n            <\/a>\n        <\/div>\n\t\t\t\t\t\t\t<\/div> \n\t\t\t\n        \n\t\t\t\t<div id=\"ngg-image-9\" class=\"ngg-gallery-thumbnail-box\" >\n\t\t\t\t        <div class=\"ngg-gallery-thumbnail\">\n            <a href=\"https:\/\/restaurovani-jakubek.cz\/wp-content\/gallery\/soukrome-sbirky\/26.jpg\"\n               title=\"\"\n               data-src=\"https:\/\/restaurovani-jakubek.cz\/wp-content\/gallery\/soukrome-sbirky\/26.jpg\"\n               data-thumbnail=\"https:\/\/restaurovani-jakubek.cz\/wp-content\/gallery\/soukrome-sbirky\/thumbs\/thumbs_26.jpg\"\n               data-image-id=\"102\"\n               data-title=\"26\"\n               data-description=\"\"\n               data-image-slug=\"26\"\n               class='thickbox' rel='bfc555f886f7e92ba2c7504dad2b52ef'>\n                <img\n                    title=\"26\"\n                    alt=\"26\"\n                    src=\"https:\/\/restaurovani-jakubek.cz\/wp-content\/gallery\/soukrome-sbirky\/thumbs\/thumbs_26.jpg\"\n                    width=\"295\"\n                    height=\"221\"\n                    style=\"max-width:100%;\"\n                \/>\n            <\/a>\n        <\/div>\n\t\t\t\t\t\t\t<\/div> \n\t\t\t\n        \n\t\t\t\t<div id=\"ngg-image-10\" class=\"ngg-gallery-thumbnail-box\" >\n\t\t\t\t        <div class=\"ngg-gallery-thumbnail\">\n            <a href=\"https:\/\/restaurovani-jakubek.cz\/wp-content\/gallery\/soukrome-sbirky\/Zrestaurovane-dvere-29.JPG\"\n               title=\"\"\n               data-src=\"https:\/\/restaurovani-jakubek.cz\/wp-content\/gallery\/soukrome-sbirky\/Zrestaurovane-dvere-29.JPG\"\n               data-thumbnail=\"https:\/\/restaurovani-jakubek.cz\/wp-content\/gallery\/soukrome-sbirky\/thumbs\/thumbs_Zrestaurovane-dvere-29.JPG\"\n               data-image-id=\"97\"\n               data-title=\"Zrestaurovane dvere 29\"\n               data-description=\"\"\n               data-image-slug=\"zrestaurovane-dvere-29\"\n               class='thickbox' rel='bfc555f886f7e92ba2c7504dad2b52ef'>\n                <img\n                    title=\"Zrestaurovane dvere 29\"\n                    alt=\"Zrestaurovane dvere 29\"\n                    src=\"https:\/\/restaurovani-jakubek.cz\/wp-content\/gallery\/soukrome-sbirky\/thumbs\/thumbs_Zrestaurovane-dvere-29.JPG\"\n                    width=\"295\"\n                    height=\"442\"\n                    style=\"max-width:100%;\"\n                \/>\n            <\/a>\n        <\/div>\n\t\t\t\t\t\t\t<\/div> \n\t\t\t\n        \n\t\t\t\t<div id=\"ngg-image-11\" class=\"ngg-gallery-thumbnail-box\" >\n\t\t\t\t        <div class=\"ngg-gallery-thumbnail\">\n            <a href=\"https:\/\/restaurovani-jakubek.cz\/wp-content\/gallery\/soukrome-sbirky\/pieta.jpg\"\n               title=\"\"\n               data-src=\"https:\/\/restaurovani-jakubek.cz\/wp-content\/gallery\/soukrome-sbirky\/pieta.jpg\"\n               data-thumbnail=\"https:\/\/restaurovani-jakubek.cz\/wp-content\/gallery\/soukrome-sbirky\/thumbs\/thumbs_pieta.jpg\"\n               data-image-id=\"108\"\n               data-title=\"pieta\"\n               data-description=\"\"\n               data-image-slug=\"pieta\"\n               class='thickbox' rel='bfc555f886f7e92ba2c7504dad2b52ef'>\n                <img\n                    title=\"pieta\"\n                    alt=\"pieta\"\n                    src=\"https:\/\/restaurovani-jakubek.cz\/wp-content\/gallery\/soukrome-sbirky\/thumbs\/thumbs_pieta.jpg\"\n                    width=\"295\"\n                    height=\"415\"\n                    style=\"max-width:100%;\"\n                \/>\n            <\/a>\n        <\/div>\n\t\t\t\t\t\t\t<\/div> \n\t\t\t\n        \n\t\t\t\t<div id=\"ngg-image-12\" class=\"ngg-gallery-thumbnail-box\" >\n\t\t\t\t        <div class=\"ngg-gallery-thumbnail\">\n            <a href=\"https:\/\/restaurovani-jakubek.cz\/wp-content\/gallery\/soukrome-sbirky\/dvere-27.jpg\"\n               title=\"\"\n               data-src=\"https:\/\/restaurovani-jakubek.cz\/wp-content\/gallery\/soukrome-sbirky\/dvere-27.jpg\"\n               data-thumbnail=\"https:\/\/restaurovani-jakubek.cz\/wp-content\/gallery\/soukrome-sbirky\/thumbs\/thumbs_dvere-27.jpg\"\n               data-image-id=\"104\"\n               data-title=\"dvere 27\"\n               data-description=\"\"\n               data-image-slug=\"dvere-27\"\n               class='thickbox' rel='bfc555f886f7e92ba2c7504dad2b52ef'>\n                <img\n                    title=\"dvere 27\"\n                    alt=\"dvere 27\"\n                    src=\"https:\/\/restaurovani-jakubek.cz\/wp-content\/gallery\/soukrome-sbirky\/thumbs\/thumbs_dvere-27.jpg\"\n                    width=\"295\"\n                    height=\"197\"\n                    style=\"max-width:100%;\"\n                \/>\n            <\/a>\n        <\/div>\n\t\t\t\t\t\t\t<\/div> \n\t\t\t\n        \n\t\t\n\t\t<!-- Pagination -->\n\t<div class='ngg-clear'><\/div>\t<\/div>\n\n","protected":false},"excerpt":{"rendered":"","protected":false},"author":2,"featured_media":0,"parent":8,"menu_order":0,"comment_status":"open","ping_status":"open","template":"","meta":{"ngg_post_thumbnail":0},"translation":{"provider":"WPGlobus","version":"2.10.10","language":"pl","enabled_languages":["cs","en","pl"],"languages":{"cs":{"title":true,"content":true,"excerpt":false},"en":{"title":true,"content":true,"excerpt":false},"pl":{"title":true,"content":true,"excerpt":false}}},"_links":{"self":[{"href":"https:\/\/restaurovani-jakubek.cz\/pl\/wp-json\/wp\/v2\/pages\/13"}],"collection":[{"href":"https:\/\/restaurovani-jakubek.cz\/pl\/wp-json\/wp\/v2\/pages"}],"about":[{"href":"https:\/\/restaurovani-jakubek.cz\/pl\/wp-json\/wp\/v2\/types\/page"}],"author":[{"embeddable":true,"href":"https:\/\/restaurovani-jakubek.cz\/pl\/wp-json\/wp\/v2\/users\/2"}],"replies":[{"embeddable":true,"href":"https:\/\/restaurovani-jakubek.cz\/pl\/wp-json\/wp\/v2\/comments?post=13"}],"version-history":[{"count":0,"href":"https:\/\/restaurovani-jakubek.cz\/pl\/wp-json\/wp\/v2\/pages\/13\/revisions"}],"up":[{"embeddable":true,"href":"https:\/\/restaurovani-jakubek.cz\/pl\/wp-json\/wp\/v2\/pages\/8"}],"wp:attachment":[{"href":"https:\/\/restaurovani-jakubek.cz\/pl\/wp-json\/wp\/v2\/media?parent=13"}],"curies":[{"name":"wp","href":"https:\/\/api.w.org\/{rel}","templated":true}]}}